{"id":498,"date":"2022-06-19T05:28:31","date_gmt":"2022-06-19T03:28:31","guid":{"rendered":"https:\/\/herbst-elektroinstallation.de\/?page_id=498"},"modified":"2025-08-26T09:32:18","modified_gmt":"2025-08-26T07:32:18","slug":"impressum","status":"publish","type":"page","link":"https:\/\/herbst-elektroinstallation.de\/?page_id=498","title":{"rendered":"Impressum"},"content":{"rendered":"\n<p>Verantwortliche(r)<br>Herbst Elektroinstallation<br>Postanschrift<br>Ludwig-Erhard-Stra\u00dfe 5<br>36304 Alsfeld<br>Kontakt<br>E-Mail: E-Mail: info@herbst-als.de<br>Telefon: 06631 3164<br>Vertreten durch<br>Hans Georg Herbst<br>Umsatzsteuer-Identifikationsnummer<br>DE 111117698<br>Berufshaftpflichtversicherung<br>Sparkassenversicherung<br>Geltungsbereich des Versicherungsschutzes<br>Bundesrepublik Deutschland<br>Hinweise zur Website<br>Verantwortlich f\u00fcr journalistisch-redaktionelle Inhalte<br>Hans Georg Herbst<br>Information gem\u00e4\u00df \u00a7 36 VSBG<br>Gem\u00e4\u00df \u00a7 36 VSBG (Verbraucherstreitbeilegungsgesetz \u2013 Gesetz \u00fcber die alternative Streitbeilegung in Verbrauchersachen) erkl\u00e4rt der Betreiber dieser Website:<br>Wir sind weder bereit noch verpflichtet, an Streitbeilegungsverfahren vor einer Verbraucherschlichtungsstelle teilzunehmen.<br>Dieses Impressum wurde mit Hilfe des Impressums-Generators der activeMind AG erstellt (Version 2024-07-05).<\/p>\n","protected":false},"excerpt":{"rendered":"<p>Verantwortliche(r)Herbst ElektroinstallationPostanschriftLudwig-Erhard-Stra\u00dfe 536304 AlsfeldKontaktE-Mail: E-Mail: info@herbst-als.deTelefon: 06631 3164Vertreten durchHans Georg HerbstUmsatzsteuer-IdentifikationsnummerDE 111117698BerufshaftpflichtversicherungSparkassenversicherungGeltungsbereich des VersicherungsschutzesBundesrepublik DeutschlandHinweise zur WebsiteVerantwortlich f\u00fcr journalistisch-redaktionelle InhalteHans Georg HerbstInformation gem\u00e4\u00df \u00a7 36 VSBGGem\u00e4\u00df \u00a7 36 VSBG (Verbraucherstreitbeilegungsgesetz \u2013 Gesetz \u00fcber die alternative Streitbeilegung in Verbrauchersachen) erkl\u00e4rt der Betreiber dieser Website:Wir sind weder bereit noch verpflichtet, an Streitbeilegungsverfahren vor einer Verbraucherschlichtungsstelle teilzunehmen.Dieses Impressum&hellip;&nbsp;<a href=\"https:\/\/herbst-elektroinstallation.de\/?page_id=498\" class=\"\" rel=\"bookmark\">Weiterlesen &raquo;<span class=\"screen-reader-text\">Impressum<\/span><\/a><\/p>\n","protected":false},"author":1,"featured_media":0,"parent":0,"menu_order":0,"comment_status":"closed","ping_status":"closed","template":"","meta":{"neve_meta_sidebar":"","neve_meta_container":"","neve_meta_enable_content_width":"","neve_meta_content_width":0,"neve_meta_title_alignment":"","neve_meta_author_avatar":"","neve_post_elements_order":"","neve_meta_disable_header":"","neve_meta_disable_footer":"","neve_meta_disable_title":"","_ti_tpc_template_sync":false,"_ti_tpc_template_id":"","footnotes":""},"class_list":["post-498","page","type-page","status-publish","hentry"],"_links":{"self":[{"href":"https:\/\/herbst-elektroinstallation.de\/index.php?rest_route=\/wp\/v2\/pages\/498","targetHints":{"allow":["GET"]}}],"collection":[{"href":"https:\/\/herbst-elektroinstallation.de\/index.php?rest_route=\/wp\/v2\/pages"}],"about":[{"href":"https:\/\/herbst-elektroinstallation.de\/index.php?rest_route=\/wp\/v2\/types\/page"}],"author":[{"embeddable":true,"href":"https:\/\/herbst-elektroinstallation.de\/index.php?rest_route=\/wp\/v2\/users\/1"}],"replies":[{"embeddable":true,"href":"https:\/\/herbst-elektroinstallation.de\/index.php?rest_route=%2Fwp%2Fv2%2Fcomments&post=498"}],"version-history":[{"count":7,"href":"https:\/\/herbst-elektroinstallation.de\/index.php?rest_route=\/wp\/v2\/pages\/498\/revisions"}],"predecessor-version":[{"id":557,"href":"https:\/\/herbst-elektroinstallation.de\/index.php?rest_route=\/wp\/v2\/pages\/498\/revisions\/557"}],"wp:attachment":[{"href":"https:\/\/herbst-elektroinstallation.de\/index.php?rest_route=%2Fwp%2Fv2%2Fmedia&parent=498"}],"curies":[{"name":"wp","href":"https:\/\/api.w.org\/{rel}","templated":true}]}}