{"id":308,"date":"2020-01-13T11:17:52","date_gmt":"2020-01-13T11:17:52","guid":{"rendered":"https:\/\/demosites.io\/web-agency-gb\/?page_id=5"},"modified":"2023-03-24T10:51:37","modified_gmt":"2023-03-24T09:51:37","slug":"15c42-web-agency-gb-home","status":"publish","type":"page","link":"https:\/\/herbst-elektroinstallation.de\/","title":{"rendered":"Start"},"content":{"rendered":"\n<div class=\"wp-block-cover alignfull\" style=\"min-height:472px;aspect-ratio:unset;\"><span aria-hidden=\"true\" class=\"wp-block-cover__background has-background-dim-0 has-background-dim\"><\/span><img loading=\"lazy\" decoding=\"async\" width=\"2000\" height=\"1200\" class=\"wp-block-cover__image-background wp-image-14\" alt=\"\" src=\"https:\/\/herbst-elektroinstallation.de\/wordpress\/wp-content\/uploads\/2022\/02\/cropped-fa-herbst-1-scaled-1.jpg\" style=\"object-position:48% 100%\" data-object-fit=\"cover\" data-object-position=\"48% 100%\" srcset=\"https:\/\/herbst-elektroinstallation.de\/wordpress\/wp-content\/uploads\/2022\/02\/cropped-fa-herbst-1-scaled-1.jpg 2000w, https:\/\/herbst-elektroinstallation.de\/wordpress\/wp-content\/uploads\/2022\/02\/cropped-fa-herbst-1-scaled-1-300x180.jpg 300w, https:\/\/herbst-elektroinstallation.de\/wordpress\/wp-content\/uploads\/2022\/02\/cropped-fa-herbst-1-scaled-1-1024x614.jpg 1024w, https:\/\/herbst-elektroinstallation.de\/wordpress\/wp-content\/uploads\/2022\/02\/cropped-fa-herbst-1-scaled-1-768x461.jpg 768w, https:\/\/herbst-elektroinstallation.de\/wordpress\/wp-content\/uploads\/2022\/02\/cropped-fa-herbst-1-scaled-1-1536x922.jpg 1536w\" sizes=\"auto, (max-width: 2000px) 100vw, 2000px\" \/><div class=\"wp-block-cover__inner-container is-layout-flow wp-block-cover-is-layout-flow\">\n<div style=\"height:80px\" aria-hidden=\"true\" class=\"wp-block-spacer\"><\/div>\n\n\n\n<h1 class=\"has-neve-link-color-color has-text-color wp-block-heading\" id=\"nicht-einfach-nur-elektrik\">Nicht einfach nur Elektrik!<\/h1>\n\n\n\n<p>Technik die wir f\u00fcr dich pers\u00f6nlich anpassen und gestalten. <br>Licht, das nicht nur hell macht, sondern genau auf deine Bed\u00fcrfnisse geplant und installiert wird.<\/p>\n\n\n\n<div class=\"wp-block-buttons is-horizontal is-content-justification-center is-layout-flex wp-container-core-buttons-is-layout-499968f5 wp-block-buttons-is-layout-flex\"><\/div>\n\n\n\n<div style=\"height:80px\" aria-hidden=\"true\" class=\"wp-block-spacer\"><\/div>\n\n\n\n<div style=\"height:80px\" aria-hidden=\"true\" class=\"wp-block-spacer\"><\/div>\n<\/div><\/div>\n\n\n\n<div style=\"height:80px\" aria-hidden=\"true\" class=\"wp-block-spacer\"><\/div>\n\n\n\n<div class=\"wp-block-columns is-layout-flex wp-container-core-columns-is-layout-9d6595d7 wp-block-columns-is-layout-flex\">\n<div class=\"wp-block-column is-layout-flow wp-block-column-is-layout-flow\"><div class=\"wp-block-image icon-style is-style-rounded\">\n<figure class=\"aligncenter size-large\"><img decoding=\"async\" src=\"https:\/\/herbst-elektroinstallation.de\/wordpress\/wp-content\/uploads\/2020\/01\/neve-webdesign-GB-03.png\" alt=\"\" class=\"wp-image-20\" title=\"\"\/><\/figure>\n<\/div>\n\n\n<h3 class=\"has-text-align-center has-neve-text-color-color has-text-color wp-block-heading\" id=\"perfekte-fertigstellung\">Perfekte Fertigstellung<\/h3>\n\n\n\n<p class=\"has-text-align-center\">Wir stehen Ihnen zur Seite von dem ersten Gespr\u00e4ch bis zur finalen Inbetriebnahme, das uns die beste Umsetzung erm\u00f6glicht.<\/p>\n\n\n\n<div style=\"height:20px\" aria-hidden=\"true\" class=\"wp-block-spacer\"><\/div>\n<\/div>\n\n\n\n<div class=\"wp-block-column is-layout-flow wp-block-column-is-layout-flow\"><div class=\"wp-block-image icon-style is-style-rounded\">\n<figure class=\"aligncenter size-large\"><img decoding=\"async\" src=\"https:\/\/herbst-elektroinstallation.de\/wordpress\/wp-content\/uploads\/2020\/01\/neve-webdesign-GB-04.png\" alt=\"\" class=\"wp-image-21\"\/><\/figure>\n<\/div>\n\n\n<h3 class=\"has-text-align-center has-neve-text-color-color has-text-color wp-block-heading\" id=\"top-qualitat\">Top Qualit\u00e4t<\/h3>\n\n\n\n<p class=\"has-text-align-center\">Unsere Installation f\u00e4ngt bei qualitativen Materialien an und geht weiter mit geschultem Personal und Fachkr\u00e4ften.<\/p>\n\n\n\n<div style=\"height:20px\" aria-hidden=\"true\" class=\"wp-block-spacer\"><\/div>\n<\/div>\n\n\n\n<div class=\"wp-block-column is-layout-flow wp-block-column-is-layout-flow\"><div class=\"wp-block-image icon-style is-style-rounded\">\n<figure class=\"aligncenter size-large\"><img decoding=\"async\" src=\"https:\/\/herbst-elektroinstallation.de\/wordpress\/wp-content\/uploads\/2020\/01\/neve-webdesign-GB-01.png\" alt=\"\" class=\"wp-image-18\"\/><\/figure>\n<\/div>\n\n\n<h3 class=\"has-text-align-center has-neve-text-color-color has-text-color wp-block-heading\" id=\"energie-ohne-grenzen\">Energie ohne Grenzen<\/h3>\n\n\n\n<p class=\"has-text-align-center\">Es gibt wie oft keine Grenzen nach oben. Mit uns bleibt das auch so.<\/p>\n\n\n\n<div style=\"height:20px\" aria-hidden=\"true\" class=\"wp-block-spacer\"><\/div>\n<\/div>\n<\/div>\n\n\n\n<div class=\"wp-block-cover alignfull\" style=\"min-height:100vh;aspect-ratio:unset;\"><span aria-hidden=\"true\" class=\"wp-block-cover__background has-nv-light-bg-background-color has-background-dim-100 has-background-dim\"><\/span><div class=\"wp-block-cover__inner-container is-layout-flow wp-block-cover-is-layout-flow\">\n<div class=\"wp-block-columns is-layout-flex wp-container-core-columns-is-layout-9d6595d7 wp-block-columns-is-layout-flex\">\n<div class=\"wp-block-column is-layout-flow wp-block-column-is-layout-flow\">\n<figure class=\"wp-block-image size-large\"><img loading=\"lazy\" decoding=\"async\" width=\"1024\" height=\"768\" src=\"https:\/\/herbst-elektroinstallation.de\/wordpress\/wp-content\/uploads\/2022\/02\/wallbox-1024x768.png\" alt=\"\" class=\"wp-image-360\" srcset=\"https:\/\/herbst-elektroinstallation.de\/wordpress\/wp-content\/uploads\/2022\/02\/wallbox-1024x768.png 1024w, https:\/\/herbst-elektroinstallation.de\/wordpress\/wp-content\/uploads\/2022\/02\/wallbox-300x225.png 300w, https:\/\/herbst-elektroinstallation.de\/wordpress\/wp-content\/uploads\/2022\/02\/wallbox-768x576.png 768w, https:\/\/herbst-elektroinstallation.de\/wordpress\/wp-content\/uploads\/2022\/02\/wallbox.png 1330w\" sizes=\"auto, (max-width: 1024px) 100vw, 1024px\" \/><\/figure>\n<\/div>\n\n\n\n<div class=\"wp-block-column is-vertically-aligned-center is-layout-flow wp-block-column-is-layout-flow\">\n<h2 class=\"has-neve-text-color-color has-text-color wp-block-heading\">Ein neus E-Auto?<\/h2>\n\n\n\n<p class=\"has-text-color\" style=\"color:#858585\">E-Mobilit\u00e4t wird immer beliebter!<br>Es gibt so viele M\u00f6glichkeiten und Hindernisse&#8230;<br>&#8230;wir beraten, planen und unterst\u00fctzen Sie sehr gerne<\/p>\n<\/div>\n<\/div>\n<\/div><\/div>\n\n\n\n<div class=\"wp-block-cover alignfull cover\" style=\"min-height:100vh;aspect-ratio:unset;\"><span aria-hidden=\"true\" class=\"wp-block-cover__background has-neve-link-color-background-color has-background-dim-100 has-background-dim\"><\/span><div class=\"wp-block-cover__inner-container is-layout-flow wp-block-cover-is-layout-flow\">\n<div class=\"wp-block-columns is-layout-flex wp-container-core-columns-is-layout-9d6595d7 wp-block-columns-is-layout-flex\">\n<div class=\"wp-block-column is-vertically-aligned-center is-layout-flow wp-block-column-is-layout-flow\">\n<h2 class=\"wp-block-heading\">Schaltschr\u00e4nke aus eigener Produktion!<\/h2>\n\n\n\n<p>Die Planung bei uns bedeutet auch, dass wir die Verteilungen ganz auf Sie angepasst zusammenstellen und dann in der eigenen Werkstatt zusammenbauen, pr\u00fcfen und zertifizieren.<\/p>\n<\/div>\n\n\n\n<div class=\"wp-block-column is-layout-flow wp-block-column-is-layout-flow\">\n<figure class=\"wp-block-image size-large\"><img loading=\"lazy\" decoding=\"async\" width=\"1024\" height=\"682\" src=\"https:\/\/herbst-elektroinstallation.de\/wordpress\/wp-content\/uploads\/2022\/02\/Verteiler-1-1024x682.png\" alt=\"\" class=\"wp-image-364\" srcset=\"https:\/\/herbst-elektroinstallation.de\/wordpress\/wp-content\/uploads\/2022\/02\/Verteiler-1-1024x682.png 1024w, https:\/\/herbst-elektroinstallation.de\/wordpress\/wp-content\/uploads\/2022\/02\/Verteiler-1-300x200.png 300w, https:\/\/herbst-elektroinstallation.de\/wordpress\/wp-content\/uploads\/2022\/02\/Verteiler-1-768x511.png 768w, https:\/\/herbst-elektroinstallation.de\/wordpress\/wp-content\/uploads\/2022\/02\/Verteiler-1-930x620.png 930w, https:\/\/herbst-elektroinstallation.de\/wordpress\/wp-content\/uploads\/2022\/02\/Verteiler-1.png 1143w\" sizes=\"auto, (max-width: 1024px) 100vw, 1024px\" \/><\/figure>\n<\/div>\n<\/div>\n<\/div><\/div>\n\n\n\n<div class=\"wp-block-cover alignfull\" style=\"min-height:100vh;aspect-ratio:unset;\"><span aria-hidden=\"true\" class=\"wp-block-cover__background has-neve-text-color-background-color has-background-dim-100 has-background-dim\"><\/span><div class=\"wp-block-cover__inner-container is-layout-flow wp-block-cover-is-layout-flow\">\n<h2 class=\"has-nv-light-bg-color has-text-color wp-block-heading\">Noch Fragen oder Interesse geweckt?<br>Dann jetzt Kontakt aufnehmen!<\/h2>\n\n\n\n<div class=\"wp-block-columns is-layout-flex wp-container-core-columns-is-layout-9d6595d7 wp-block-columns-is-layout-flex\">\n<div class=\"wp-block-column is-layout-flow wp-block-column-is-layout-flow\">\n<div class=\"wp-block-cover\"><span aria-hidden=\"true\" class=\"wp-block-cover__background has-neve-link-color-background-color has-background-dim-100 has-background-dim\"><\/span><div class=\"wp-block-cover__inner-container is-layout-flow wp-block-cover-is-layout-flow\">\n<p class=\"has-text-align-left has-neve-text-color-color has-text-color has-large-font-size\">\u00d6ffnungszeiten<\/p>\n\n\n\n<p class=\"has-text-align-left has-neve-text-color-color has-text-color\"><strong>Montag bis Freitag:<\/strong> 07:00 Uhr bis 15:00 Uhr<\/p>\n\n\n\n<div style=\"height:29px\" aria-hidden=\"true\" class=\"wp-block-spacer\"><\/div>\n\n\n\n<p class=\"has-text-align-left has-neve-text-color-color has-text-color has-large-font-size\">Kontakt<\/p>\n\n\n\n<p class=\"has-text-align-left textblack has-neve-text-color-color has-text-color has-medium-font-size\"><a href=\"tel:+49066313164\"><mark style=\"background-color:rgba(0, 0, 0, 0)\" class=\"has-inline-color has-nv-dark-bg-color\"><strong>Telefon<\/strong>: 06631 &#8211; 3164<\/mark><\/a><br><strong>E-Mail<\/strong>:  info@herbst-als.de<\/p>\n<\/div><\/div>\n<\/div>\n\n\n\n<div class=\"wp-block-column is-layout-flow wp-block-column-is-layout-flow\">\n<div class=\"wp-block-cover\"><span aria-hidden=\"true\" class=\"wp-block-cover__background has-neve-link-color-background-color has-background-dim-100 has-background-dim\"><\/span><div class=\"wp-block-cover__inner-container is-layout-flow wp-block-cover-is-layout-flow\">\n<\/div><\/div>\n<\/div>\n<\/div>\n<\/div><\/div>\n","protected":false},"excerpt":{"rendered":"<p>Perfekte Fertigstellung Wir stehen Ihnen zur Seite von dem ersten Gespr\u00e4ch bis zur finalen Inbetriebnahme, das uns die beste Umsetzung erm\u00f6glicht. Top Qualit\u00e4t Unsere Installation f\u00e4ngt bei qualitativen Materialien an und geht weiter mit geschultem Personal und Fachkr\u00e4ften. Energie ohne Grenzen Es gibt wie oft keine Grenzen nach oben. Mit uns bleibt das auch so.<\/p>\n","protected":false},"author":1,"featured_media":0,"parent":0,"menu_order":0,"comment_status":"closed","ping_status":"closed","template":"","meta":{"neve_meta_sidebar":"default","neve_meta_container":"default","neve_meta_enable_content_width":"on","neve_meta_content_width":100,"neve_meta_title_alignment":"","neve_meta_author_avatar":"","neve_post_elements_order":"","neve_meta_disable_header":"","neve_meta_disable_footer":"","neve_meta_disable_title":"on","_ti_tpc_template_sync":false,"_ti_tpc_template_id":"cwhkd9lki581rusuhjti","footnotes":""},"class_list":["post-308","page","type-page","status-publish","hentry"],"_links":{"self":[{"href":"https:\/\/herbst-elektroinstallation.de\/index.php?rest_route=\/wp\/v2\/pages\/308","targetHints":{"allow":["GET"]}}],"collection":[{"href":"https:\/\/herbst-elektroinstallation.de\/index.php?rest_route=\/wp\/v2\/pages"}],"about":[{"href":"https:\/\/herbst-elektroinstallation.de\/index.php?rest_route=\/wp\/v2\/types\/page"}],"author":[{"embeddable":true,"href":"https:\/\/herbst-elektroinstallation.de\/index.php?rest_route=\/wp\/v2\/users\/1"}],"replies":[{"embeddable":true,"href":"https:\/\/herbst-elektroinstallation.de\/index.php?rest_route=%2Fwp%2Fv2%2Fcomments&post=308"}],"version-history":[{"count":54,"href":"https:\/\/herbst-elektroinstallation.de\/index.php?rest_route=\/wp\/v2\/pages\/308\/revisions"}],"predecessor-version":[{"id":528,"href":"https:\/\/herbst-elektroinstallation.de\/index.php?rest_route=\/wp\/v2\/pages\/308\/revisions\/528"}],"wp:attachment":[{"href":"https:\/\/herbst-elektroinstallation.de\/index.php?rest_route=%2Fwp%2Fv2%2Fmedia&parent=308"}],"curies":[{"name":"wp","href":"https:\/\/api.w.org\/{rel}","templated":true}]}}